{"id":3,"date":"2024-01-16T13:47:49","date_gmt":"2024-01-16T12:47:49","guid":{"rendered":"https:\/\/gstranslations.net\/?page_id=3"},"modified":"2024-02-29T13:49:46","modified_gmt":"2024-02-29T12:49:46","slug":"politique-de-confidentialite","status":"publish","type":"page","link":"https:\/\/gstranslations.net\/en\/politique-de-confidentialite\/","title":{"rendered":"Privacy Policy"},"content":{"rendered":"<div data-elementor-type=\"wp-page\" data-elementor-id=\"3\" class=\"elementor elementor-3\">\n\t\t\t\t\t\t<section class=\"elementor-section elementor-top-section elementor-element elementor-element-006605e elementor-section-stretched elementor-section-boxed elementor-section-height-default elementor-section-height-default\" data-id=\"006605e\" data-element_type=\"section\" data-settings=\"{&quot;stretch_section&quot;:&quot;section-stretched&quot;,&quot;background_background&quot;:&quot;classic&quot;}\">\n\t\t\t\t\t\t<div class=\"elementor-container elementor-column-gap-default\">\n\t\t\t\t\t<div class=\"elementor-column elementor-col-100 elementor-top-column elementor-element elementor-element-a202c31\" data-id=\"a202c31\" data-element_type=\"column\">\n\t\t\t<div class=\"elementor-widget-wrap elementor-element-populated\">\n\t\t\t\t\t\t<div class=\"elementor-element elementor-element-7a44f5b elementor-widget elementor-widget-spacer\" data-id=\"7a44f5b\" data-element_type=\"widget\" data-widget_type=\"spacer.default\">\n\t\t\t\t<div class=\"elementor-widget-container\">\n\t\t\t\t\t\t\t<div class=\"elementor-spacer\">\n\t\t\t<div class=\"elementor-spacer-inner\"><\/div>\n\t\t<\/div>\n\t\t\t\t\t\t<\/div>\n\t\t\t\t<\/div>\n\t\t\t\t<div class=\"elementor-element elementor-element-f8ccd24 elementor-widget elementor-widget-heading\" data-id=\"f8ccd24\" data-element_type=\"widget\" data-widget_type=\"heading.default\">\n\t\t\t\t<div class=\"elementor-widget-container\">\n\t\t\t\t\t<h2 class=\"elementor-heading-title elementor-size-default\">POLITIQUE DE CONFIDENTIALIT\u00c9<\/h2>\t\t\t\t<\/div>\n\t\t\t\t<\/div>\n\t\t\t\t<div class=\"elementor-element elementor-element-cac8b49 elementor-widget elementor-widget-spacer\" data-id=\"cac8b49\" data-element_type=\"widget\" data-widget_type=\"spacer.default\">\n\t\t\t\t<div class=\"elementor-widget-container\">\n\t\t\t\t\t\t\t<div class=\"elementor-spacer\">\n\t\t\t<div class=\"elementor-spacer-inner\"><\/div>\n\t\t<\/div>\n\t\t\t\t\t\t<\/div>\n\t\t\t\t<\/div>\n\t\t\t\t\t<\/div>\n\t\t<\/div>\n\t\t\t\t\t<\/div>\n\t\t<\/section>\n\t\t<div class=\"elementor-element elementor-element-5808631d e-flex e-con-boxed e-con e-parent\" data-id=\"5808631d\" data-element_type=\"container\">\n\t\t\t\t\t<div class=\"e-con-inner\">\n\t\t\t\t<div class=\"elementor-element elementor-element-491e1238 elementor-widget elementor-widget-text-editor\" data-id=\"491e1238\" data-element_type=\"widget\" data-widget_type=\"text-editor.default\">\n\t\t\t\t<div class=\"elementor-widget-container\">\n\t\t\t\t\t\t\t\t\t<p><\/p>\n<h2 class=\"wp-block-heading\">Gestion des cookies<\/h2>\n<p><\/p>\n<p>En utilisant notre site, vous d\u00e9clarez explicitement avoir lu la politique de confidentialit\u00e9 de\u00a0GS Translations, vous informant ainsi du traitement de vos donn\u00e9es personnelles selon les modalit\u00e9s et principes d\u00e9crits ici.<\/p>\n<p>Notre site utilise des cookies afin d\u2019am\u00e9liorer les fonctionnalit\u00e9s qu\u2019il propose. Les cookies sont des donn\u00e9es qui sont sauvegard\u00e9es sur votre appareil et qui permettent au site de conserver certaines informations vous concernant pour une meilleure navigation.<\/p>\n<p>Nous utilisons divers cookies pour des buts sp\u00e9cifiques :\u00a0<\/p>\n<p>\u25d9\u00a0 \u00a0 \u00a0Les cookies n\u00e9cessaires :\u00a0ils sont utilis\u00e9s pour permettre \u00e0 diverses fonctionnalit\u00e9s d\u2019\u00eatre correctement utilis\u00e9es sur le site. Ces cookies ne collectent aucune donn\u00e9e personnelle ;\u00a0<\/p>\n<p>\u25d9\u00a0 \u00a0 \u00a0 \u00a0Les cookies fonctionnels :\u00a0ils sont ceux qui permettent un meilleur confort lors de l\u2019utilisation de certaines fonctionnalit\u00e9s du site. Par exemple, ils peuvent enregistrer l\u2019adresse de l\u2019utilisateur pour remplir automatiquement le champ \u00ab\u00a0adresse\u00a0\u00bb d\u2019un formulaire et \u00e9viter \u00e0 l\u2019utilisateur de le compl\u00e9ter lui-m\u00eame.<\/p>\n<p>En cliquant sur le bouton \u00ab j\u2019accepte \u00bb, vous acceptez l\u2019utilisation des cookies (article 6, 1, a du RGPD). Vous pouvez \u00e0 tout moment annuler cette approbation en cliquant sur le bouton \u201cPolitique de confidentialit\u00e9\u201d situ\u00e9 dans bas du site. Dans le cas o\u00f9 vous ne souhaitez pas autoriser les cookies, il se peut que l\u2019utilisation de certaines fonctionnalit\u00e9s en soient alt\u00e9r\u00e9es.<\/p>\n<p><\/p>\n<h2 class=\"wp-block-heading\">Traitement des donn\u00e9es personnelles<\/h2>\n<p><\/p>\n<p>GS Translations\u00a0op\u00e8re comme responsable du traitement en ce qui concerne les donn\u00e9es personnelles qui sont collect\u00e9es et trait\u00e9es dans le cadre de votre utilisation du site.<\/p>\n<p>Toutes les donn\u00e9es concernant l\u2019utilisateur collect\u00e9es au travers de cookies ou formulaires du site sont stock\u00e9es dans notre base de donn\u00e9es uniquement s\u2019il a donn\u00e9 son accord au pr\u00e9alable. Ces informations ne seront pas utilis\u00e9es dans d\u2019autres conditions que celles que l\u2019utilisateur a accept\u00e9es. L\u2019utilisateur dispose d\u2019un droit de regard sur chaque information le concernant : il peut les consulter, les modifier ou encore les supprimer quand bon lui semble et sans avoir \u00e0 fournir de raison \u00e0\u00a0GS Translations . Pour ce faire, l\u2019utilisateur peut contacter le responsable du traitement des donn\u00e9es par email \u00e0 l\u2019adresse\u00a0gauthier@gstranslations.net.<\/p>\n<p>Une fois la demande ins\u00e9r\u00e9e,\u00a0GS Translations\u00a0contactera dans les plus brefs d\u00e9lais l\u2019utilisateur afin de donner suite \u00e0 sa demande.<\/p>\n<p>Vos donn\u00e9es pourront \u00eatre utilis\u00e9es pour :\u00a0<\/p>\n<p>\u25d9\u00a0 \u00a0 \u00a0Permettre \u00e0\u00a0 GS Translations\u00a0de r\u00e9pondre \u00e0 vos demandes ;\u00a0<\/p>\n<p>\u25d9\u00a0 \u00a0 \u00a0Fournir nos services \u00e0 l\u2019utilisateur ;\u00a0<\/p>\n<p>\u25d9\u00a0 \u00a0 \u00a0Am\u00e9liorer l\u2019exp\u00e9rience de l\u2019utilisateur ;\u00a0<\/p>\n<p>\u25d9\u00a0 \u00a0 \u00a0Analyser ces donn\u00e9es pour am\u00e9liorer le fonctionnement du site ;<\/p>\n<p>Vos donn\u00e9es ne seront transmises \u00e0 aucun tiers sans votre consentement.\u00a0GS Translations\u00a0ne divulgue(ra) pas vos donn\u00e9es \u00e0 caract\u00e8re personnel \u00e0 des tiers \u00e0 des fins de marketing direct, ni ne traite vos donn\u00e9es personnelles \u00e0 des fins de prospection, y compris de profilage.<\/p>\n<p><\/p>\n<h2 class=\"wp-block-heading\">S\u00e9curit\u00e9<\/h2>\n<p><\/p>\n<p>Nous faisons des efforts raisonnables pour prot\u00e9ger les informations personnelles des Utilisateurs, mais aucune entreprise, y compris notre SOCI\u00c9T\u00c9, ne peut \u00e9liminer compl\u00e8tement les risques de s\u00e9curit\u00e9 li\u00e9s au traitement des informations sur Internet. Par exemple, les informations personnelles de nos Utilisateurs peuvent \u00eatre affect\u00e9es par des actes ind\u00e9pendants de notre volont\u00e9, tels que le \u00ab piratage informatique \u00bb et le vol physique. L\u2019Utilisateur reconna\u00eet qu\u2019il fournit ses informations personnelles \u00e0 ses propres risques.<\/p>\n<p><\/p>\n<p><\/p>\t\t\t\t\t\t\t\t<\/div>\n\t\t\t\t<\/div>\n\t\t\t\t\t<\/div>\n\t\t\t\t<\/div>\n\t\t\t\t<\/div>\n\t\t\n    <div class=\"xs_social_share_widget xs_share_url after_content \t\tmain_content  wslu-style-1 wslu-share-box-shaped wslu-fill-colored wslu-none wslu-share-horizontal wslu-theme-font-no wslu-main_content\">\n\n\t\t\n        <ul>\n\t\t\t        <\/ul>\n    <\/div>","protected":false},"excerpt":{"rendered":"<p>POLITIQUE DE CONFIDENTIALIT\u00c9 Gestion des cookies En utilisant notre site, vous d\u00e9clarez explicitement avoir lu la politique de confidentialit\u00e9 de\u00a0GS Translations, vous informant ainsi du traitement de vos donn\u00e9es personnelles selon les modalit\u00e9s et principes d\u00e9crits ici. Notre site utilise des cookies afin d\u2019am\u00e9liorer les fonctionnalit\u00e9s qu\u2019il propose. Les cookies<\/p>","protected":false},"author":1,"featured_media":0,"parent":0,"menu_order":0,"comment_status":"closed","ping_status":"open","template":"","meta":{"inline_featured_image":false,"footnotes":""},"yoast_head":"<!-- This site is optimized with the Yoast SEO plugin v23.0 - https:\/\/yoast.com\/wordpress\/plugins\/seo\/ -->\n<title>Politique de confidentialit\u00e9 - GS Translations<\/title>\n<meta name=\"robots\" content=\"index, follow, max-snippet:-1, max-image-preview:large, max-video-preview:-1\" \/>\n<link rel=\"canonical\" href=\"https:\/\/gstranslations.net\/en\/politique-de-confidentialite\/\" \/>\n<meta property=\"og:locale\" content=\"en_US\" \/>\n<meta property=\"og:type\" content=\"article\" \/>\n<meta property=\"og:title\" content=\"Politique de confidentialit\u00e9 - GS Translations\" \/>\n<meta property=\"og:description\" content=\"POLITIQUE DE CONFIDENTIALIT\u00c9 Gestion des cookies En utilisant notre site, vous d\u00e9clarez explicitement avoir lu la politique de confidentialit\u00e9 de\u00a0GS Translations, vous informant ainsi du traitement de vos donn\u00e9es personnelles selon les modalit\u00e9s et principes d\u00e9crits ici. Notre site utilise des cookies afin d\u2019am\u00e9liorer les fonctionnalit\u00e9s qu\u2019il propose. Les cookies\" \/>\n<meta property=\"og:url\" content=\"https:\/\/gstranslations.net\/en\/politique-de-confidentialite\/\" \/>\n<meta property=\"og:site_name\" content=\"GS Translations\" \/>\n<meta property=\"article:modified_time\" content=\"2024-02-29T12:49:46+00:00\" \/>\n<meta name=\"twitter:card\" content=\"summary_large_image\" \/>\n<meta name=\"twitter:label1\" content=\"Est. reading time\" \/>\n\t<meta name=\"twitter:data1\" content=\"3 minutes\" \/>\n<script type=\"application\/ld+json\" class=\"yoast-schema-graph\">{\"@context\":\"https:\/\/schema.org\",\"@graph\":[{\"@type\":\"WebPage\",\"@id\":\"https:\/\/gstranslations.net\/politique-de-confidentialite\/\",\"url\":\"https:\/\/gstranslations.net\/politique-de-confidentialite\/\",\"name\":\"Politique de confidentialit\u00e9 - GS Translations\",\"isPartOf\":{\"@id\":\"https:\/\/gstranslations.net\/#website\"},\"datePublished\":\"2024-01-16T12:47:49+00:00\",\"dateModified\":\"2024-02-29T12:49:46+00:00\",\"breadcrumb\":{\"@id\":\"https:\/\/gstranslations.net\/politique-de-confidentialite\/#breadcrumb\"},\"inLanguage\":\"en-US\",\"potentialAction\":[{\"@type\":\"ReadAction\",\"target\":[\"https:\/\/gstranslations.net\/politique-de-confidentialite\/\"]}]},{\"@type\":\"BreadcrumbList\",\"@id\":\"https:\/\/gstranslations.net\/politique-de-confidentialite\/#breadcrumb\",\"itemListElement\":[{\"@type\":\"ListItem\",\"position\":1,\"name\":\"Accueil\",\"item\":\"https:\/\/gstranslations.net\/\"},{\"@type\":\"ListItem\",\"position\":2,\"name\":\"Politique de confidentialit\u00e9\"}]},{\"@type\":\"WebSite\",\"@id\":\"https:\/\/gstranslations.net\/#website\",\"url\":\"https:\/\/gstranslations.net\/\",\"name\":\"GS Translations\",\"description\":\"\",\"publisher\":{\"@id\":\"https:\/\/gstranslations.net\/#organization\"},\"potentialAction\":[{\"@type\":\"SearchAction\",\"target\":{\"@type\":\"EntryPoint\",\"urlTemplate\":\"https:\/\/gstranslations.net\/?s={search_term_string}\"},\"query-input\":\"required name=search_term_string\"}],\"inLanguage\":\"en-US\"},{\"@type\":\"Organization\",\"@id\":\"https:\/\/gstranslations.net\/#organization\",\"name\":\"GS Translations\",\"url\":\"https:\/\/gstranslations.net\/\",\"logo\":{\"@type\":\"ImageObject\",\"inLanguage\":\"en-US\",\"@id\":\"https:\/\/gstranslations.net\/#\/schema\/logo\/image\/\",\"url\":\"http:\/\/gstranslations.net\/wp-content\/uploads\/2023\/02\/GST-bicolore.png\",\"contentUrl\":\"http:\/\/gstranslations.net\/wp-content\/uploads\/2023\/02\/GST-bicolore.png\",\"width\":1600,\"height\":378,\"caption\":\"GS Translations\"},\"image\":{\"@id\":\"https:\/\/gstranslations.net\/#\/schema\/logo\/image\/\"}}]}<\/script>\n<!-- \/ Yoast SEO plugin. -->","yoast_head_json":{"title":"Politique de confidentialit\u00e9 - GS Translations","robots":{"index":"index","follow":"follow","max-snippet":"max-snippet:-1","max-image-preview":"max-image-preview:large","max-video-preview":"max-video-preview:-1"},"canonical":"https:\/\/gstranslations.net\/en\/politique-de-confidentialite\/","og_locale":"en_US","og_type":"article","og_title":"Politique de confidentialit\u00e9 - GS Translations","og_description":"POLITIQUE DE CONFIDENTIALIT\u00c9 Gestion des cookies En utilisant notre site, vous d\u00e9clarez explicitement avoir lu la politique de confidentialit\u00e9 de\u00a0GS Translations, vous informant ainsi du traitement de vos donn\u00e9es personnelles selon les modalit\u00e9s et principes d\u00e9crits ici. Notre site utilise des cookies afin d\u2019am\u00e9liorer les fonctionnalit\u00e9s qu\u2019il propose. Les cookies","og_url":"https:\/\/gstranslations.net\/en\/politique-de-confidentialite\/","og_site_name":"GS Translations","article_modified_time":"2024-02-29T12:49:46+00:00","twitter_card":"summary_large_image","twitter_misc":{"Est. reading time":"3 minutes"},"schema":{"@context":"https:\/\/schema.org","@graph":[{"@type":"WebPage","@id":"https:\/\/gstranslations.net\/politique-de-confidentialite\/","url":"https:\/\/gstranslations.net\/politique-de-confidentialite\/","name":"Politique de confidentialit\u00e9 - GS Translations","isPartOf":{"@id":"https:\/\/gstranslations.net\/#website"},"datePublished":"2024-01-16T12:47:49+00:00","dateModified":"2024-02-29T12:49:46+00:00","breadcrumb":{"@id":"https:\/\/gstranslations.net\/politique-de-confidentialite\/#breadcrumb"},"inLanguage":"en-US","potentialAction":[{"@type":"ReadAction","target":["https:\/\/gstranslations.net\/politique-de-confidentialite\/"]}]},{"@type":"BreadcrumbList","@id":"https:\/\/gstranslations.net\/politique-de-confidentialite\/#breadcrumb","itemListElement":[{"@type":"ListItem","position":1,"name":"Accueil","item":"https:\/\/gstranslations.net\/"},{"@type":"ListItem","position":2,"name":"Politique de confidentialit\u00e9"}]},{"@type":"WebSite","@id":"https:\/\/gstranslations.net\/#website","url":"https:\/\/gstranslations.net\/","name":"GS Translations","description":"","publisher":{"@id":"https:\/\/gstranslations.net\/#organization"},"potentialAction":[{"@type":"SearchAction","target":{"@type":"EntryPoint","urlTemplate":"https:\/\/gstranslations.net\/?s={search_term_string}"},"query-input":"required name=search_term_string"}],"inLanguage":"en-US"},{"@type":"Organization","@id":"https:\/\/gstranslations.net\/#organization","name":"GS Translations","url":"https:\/\/gstranslations.net\/","logo":{"@type":"ImageObject","inLanguage":"en-US","@id":"https:\/\/gstranslations.net\/#\/schema\/logo\/image\/","url":"http:\/\/gstranslations.net\/wp-content\/uploads\/2023\/02\/GST-bicolore.png","contentUrl":"http:\/\/gstranslations.net\/wp-content\/uploads\/2023\/02\/GST-bicolore.png","width":1600,"height":378,"caption":"GS Translations"},"image":{"@id":"https:\/\/gstranslations.net\/#\/schema\/logo\/image\/"}}]}},"_links":{"self":[{"href":"https:\/\/gstranslations.net\/en\/wp-json\/wp\/v2\/pages\/3"}],"collection":[{"href":"https:\/\/gstranslations.net\/en\/wp-json\/wp\/v2\/pages"}],"about":[{"href":"https:\/\/gstranslations.net\/en\/wp-json\/wp\/v2\/types\/page"}],"author":[{"embeddable":true,"href":"https:\/\/gstranslations.net\/en\/wp-json\/wp\/v2\/users\/1"}],"replies":[{"embeddable":true,"href":"https:\/\/gstranslations.net\/en\/wp-json\/wp\/v2\/comments?post=3"}],"version-history":[{"count":9,"href":"https:\/\/gstranslations.net\/en\/wp-json\/wp\/v2\/pages\/3\/revisions"}],"predecessor-version":[{"id":5555,"href":"https:\/\/gstranslations.net\/en\/wp-json\/wp\/v2\/pages\/3\/revisions\/5555"}],"wp:attachment":[{"href":"https:\/\/gstranslations.net\/en\/wp-json\/wp\/v2\/media?parent=3"}],"curies":[{"name":"wp","href":"https:\/\/api.w.org\/{rel}","templated":true}]}}